{"id":556,"date":"2019-06-24T23:19:12","date_gmt":"2019-06-24T21:19:12","guid":{"rendered":"http:\/\/www.ljtt-test.fr\/index.php\/?page_id=556"},"modified":"2025-08-20T21:25:19","modified_gmt":"2025-08-20T19:25:19","slug":"tarifs-licences-2018-2019","status":"publish","type":"page","link":"https:\/\/www.ljtt.fr\/index.php\/tarifs-licences-2018-2019\/","title":{"rendered":"Tarifs licences 2025-2026"},"content":{"rendered":"\n<p><\/p>\n\n\n\n<div class=\"wp-block-columns are-vertically-aligned-top is-layout-flex wp-container-core-columns-is-layout-9d6595d7 wp-block-columns-is-layout-flex\">\n<div class=\"wp-block-column is-vertically-aligned-top is-layout-flow wp-block-column-is-layout-flow\" style=\"flex-basis:100%\">\n<figure class=\"wp-block-table aligncenter is-style-regular\"><table class=\"has-background\" style=\"background-color:#fcf0ef\"><tbody><tr><td>Cat\u00e9gories<\/td><td>Date<\/td><td>Loisirs<\/td><td>Comp\u00e9tition<\/td><td>+Crit\u00e9rium<\/td><\/tr><tr><td>POUSSIN \u00e0<br>CADETS<\/td><td>N\u00e9s entre 2011 et 2017<\/td><td>105<\/td><td>135<\/td><td>158<\/td><\/tr><tr><td>JUNIORS\/SENIORS\/<br>VETERANS<\/td><td>Ann\u00e9e de naissance<br>2010 et avant<\/td><td>115<\/td><td>150<\/td><td>187<\/td><\/tr><\/tbody><\/table><\/figure>\n<\/div>\n<\/div>\n\n\n\n<p><\/p>\n","protected":false},"excerpt":{"rendered":"<p>Cat\u00e9gories Date Loisirs Comp\u00e9tition +Crit\u00e9rium POUSSIN \u00e0CADETS N\u00e9s entre 2011 et 2017 105 135 158 JUNIORS\/SENIORS\/VETERANS Ann\u00e9e de naissance2010 et<\/p>\n","protected":false},"author":1,"featured_media":0,"parent":0,"menu_order":0,"comment_status":"closed","ping_status":"closed","template":"","meta":{"footnotes":""},"class_list":["post-556","page","type-page","status-publish","hentry"],"_links":{"self":[{"href":"https:\/\/www.ljtt.fr\/index.php\/wp-json\/wp\/v2\/pages\/556","targetHints":{"allow":["GET"]}}],"collection":[{"href":"https:\/\/www.ljtt.fr\/index.php\/wp-json\/wp\/v2\/pages"}],"about":[{"href":"https:\/\/www.ljtt.fr\/index.php\/wp-json\/wp\/v2\/types\/page"}],"author":[{"embeddable":true,"href":"https:\/\/www.ljtt.fr\/index.php\/wp-json\/wp\/v2\/users\/1"}],"replies":[{"embeddable":true,"href":"https:\/\/www.ljtt.fr\/index.php\/wp-json\/wp\/v2\/comments?post=556"}],"version-history":[{"count":22,"href":"https:\/\/www.ljtt.fr\/index.php\/wp-json\/wp\/v2\/pages\/556\/revisions"}],"predecessor-version":[{"id":2601,"href":"https:\/\/www.ljtt.fr\/index.php\/wp-json\/wp\/v2\/pages\/556\/revisions\/2601"}],"wp:attachment":[{"href":"https:\/\/www.ljtt.fr\/index.php\/wp-json\/wp\/v2\/media?parent=556"}],"curies":[{"name":"wp","href":"https:\/\/api.w.org\/{rel}","templated":true}]}}