{"id":159,"date":"2019-06-09T15:27:23","date_gmt":"2019-06-09T13:27:23","guid":{"rendered":"http:\/\/www.ljtt-test.fr\/index.php\/?page_id=159"},"modified":"2019-07-05T23:31:05","modified_gmt":"2019-07-05T21:31:05","slug":"historique","status":"publish","type":"page","link":"https:\/\/www.ljtt.fr\/index.php\/historique\/","title":{"rendered":"Historique"},"content":{"rendered":"\n<figure class=\"wp-block-embed-youtube wp-block-embed is-type-video is-provider-youtube wp-embed-aspect-16-9 wp-has-aspect-ratio\"><div class=\"wp-block-embed__wrapper\">\n<iframe loading=\"lazy\" title=\"T\u00e9moignages LJTT\" width=\"700\" height=\"394\" src=\"https:\/\/www.youtube.com\/embed\/zoIj3baM9sE?feature=oembed\" frameborder=\"0\" allow=\"accelerometer; autoplay; encrypted-media; gyroscope; picture-in-picture\" allowfullscreen><\/iframe>\n<\/div><\/figure>\n\n\n\n<p class=\"has-background has-white-background-color\"><strong>Les<\/strong> premiers \u00e9changes du futur LJTT ont d\u00e9but\u00e9 en 1967 dans le garage d&rsquo;une famille st\u00e9phanoise. Chez les Convert, on commence \u00e0 \u00ab\u00a0taper dans la balle\u00a0\u00bb entre copains membres du Loisirs-Jeunesse, une jeune association locale. En 1968, plusieurs st\u00e9phanois s&rsquo;inscrivent \u00e0 un tournoi \u00e0 Coligny. Henri Gros s&rsquo;incline en finale. Il attire l&rsquo;attention d&rsquo;un membre du Comit\u00e9 de l&rsquo;Ain qui lui demande de cr\u00e9er une section. Il en deviendra le premier pr\u00e9sident.<\/p>\n\n\n\n<div class=\"wp-block-image\"><figure class=\"aligncenter is-resized\"><img loading=\"lazy\" decoding=\"async\" src=\"http:\/\/www.ljtt.fr\/wp-content\/uploads\/2019\/07\/img.jpg\" alt=\"\" class=\"wp-image-646\" width=\"403\" height=\"302\" srcset=\"https:\/\/www.ljtt.fr\/wp-content\/uploads\/2019\/07\/img.jpg 704w, https:\/\/www.ljtt.fr\/wp-content\/uploads\/2019\/07\/img-300x225.jpg 300w\" sizes=\"auto, (max-width: 403px) 100vw, 403px\" \/><\/figure><\/div>\n\n\n\n<p><a href=\"http:\/\/www.ljtt.fr\/images\/phocagallery\/hist-3.png\"><\/a>&nbsp;<\/p>\n\n\n\n<p><strong>Le<\/strong>&nbsp;Loisirs-Jeunesse Tennis de Table d\u00e9marre ainsi la saison 1969-70 avec 10 licenci\u00e9s. Il engage 2 \u00e9quipes \u00e0 3 joueurs. Parmi les fondateurs, on retrouve donc Henri et Bob Gros, Bernard et Christian Poncin, Jean-Luc et Jacques Josserand, Jacques Manteaux, Chrstine, Dominique et Michel Convert. Ce dernier ayant figur\u00e9 parmi les 10 meilleurs joueurs du d\u00e9partement, il apporte sa technique et son exp\u00e9rience aux \u00ab\u00a0apprentis pongistes\u00a0\u00bb.<\/p>\n\n\n\n<div class=\"wp-block-image\"><figure class=\"aligncenter is-resized\"><a href=\"http:\/\/www.ljtt.fr\/images\/phocagallery\/hist-5.png\"><img loading=\"lazy\" decoding=\"async\" src=\"http:\/\/www.ljtt.fr\/wp-content\/uploads\/2019\/07\/img_0001.jpg\" alt=\"\" class=\"wp-image-645\" width=\"429\" height=\"319\" srcset=\"https:\/\/www.ljtt.fr\/wp-content\/uploads\/2019\/07\/img_0001.jpg 704w, https:\/\/www.ljtt.fr\/wp-content\/uploads\/2019\/07\/img_0001-300x223.jpg 300w\" sizes=\"auto, (max-width: 429px) 100vw, 429px\" \/><\/a><\/figure><\/div>\n\n\n\n<p><strong>Les<\/strong>&nbsp;ann\u00e9es 70 voient le club se structurer sous l&rsquo;impulsion de Jacques Josserand, son pr\u00e9sident. Plusieurs membres ayant choisi de se former, ils peuvent alors encadrer les diff\u00e9rentes s\u00e9ances d&rsquo;entra\u00eenement : Ecole de TT, espoirs et s\u00e9niors. L&rsquo;effectif progresse et permet au club de figurer parmi les premiers du Comit\u00e9.<\/p>\n\n\n\n<div class=\"wp-block-image\"><figure class=\"aligncenter\"><a href=\"http:\/\/www.ljtt.fr\/images\/phocagallery\/hist-2.png\"><img loading=\"lazy\" decoding=\"async\" width=\"341\" height=\"254\" src=\"http:\/\/www.ljtt.fr\/wp-content\/uploads\/2019\/07\/phoca_thumb_l_hist-2.png\" alt=\"\" class=\"wp-image-637\" srcset=\"https:\/\/www.ljtt.fr\/wp-content\/uploads\/2019\/07\/phoca_thumb_l_hist-2.png 341w, https:\/\/www.ljtt.fr\/wp-content\/uploads\/2019\/07\/phoca_thumb_l_hist-2-300x223.png 300w\" sizes=\"auto, (max-width: 341px) 100vw, 341px\" \/><\/a><\/figure><\/div>\n\n\n\n<p><strong>Christian<\/strong>&nbsp;Germain reprend les r\u00eanes en 1982. Le LJTT confirme son \u00e9volution : son \u00e9quipe fanion acc\u00e8de \u00e0 la division r\u00e9gionale le 16 avril 1983. Bruno Fromont sera l&rsquo;un des artisans de cette mont\u00e9e et du maintien de l&rsquo;\u00e9quipe avant de rejoindre le club phare du comit\u00e9 (RCC Bourg) o\u00f9 il deviendra champion de l&rsquo;Ain s\u00e9nior. La cr\u00e9ation d&rsquo;un tournoi d\u00e9partemental est le point de d\u00e9part d&rsquo;un rendez-vous annuel pour tous les pongistes friands de convivialit\u00e9. 20 ans apr\u00e8s, il reste l&rsquo;un des derniers tournois \u00e0 exister encore, m\u00ealant licenci\u00e9s et non licenci\u00e9s, jeunes et moins jeunes .<\/p>\n\n\n\n<div class=\"wp-block-image\"><figure class=\"aligncenter\"><a href=\"http:\/\/www.ljtt.fr\/images\/phocagallery\/hist-4.png\"><img loading=\"lazy\" decoding=\"async\" width=\"341\" height=\"253\" src=\"http:\/\/www.ljtt.fr\/wp-content\/uploads\/2019\/07\/phoca_thumb_l_hist-4.png\" alt=\"\" class=\"wp-image-638\" srcset=\"https:\/\/www.ljtt.fr\/wp-content\/uploads\/2019\/07\/phoca_thumb_l_hist-4.png 341w, https:\/\/www.ljtt.fr\/wp-content\/uploads\/2019\/07\/phoca_thumb_l_hist-4-300x223.png 300w\" sizes=\"auto, (max-width: 341px) 100vw, 341px\" \/><\/a><\/figure><\/div>\n\n\n\n<p><strong>Le<\/strong>&nbsp;LJTT s&rsquo;investit un maximum dans la vie pongiste : il envoie autant que possible ses jeunes en stage de perfectionnement et plusieurs licenci\u00e9s composent le Comit\u00e9 D\u00e9partemental. Il organise aussi le Premier Pas Pongiste (PPP), grand rassemblement visant \u00e0 la d\u00e9tection des jeunes talents. La construction d&rsquo;une salle polyvalente va lui permettre d&rsquo;accueillir encore plus de monde jusqu&rsquo;\u00e0 d\u00e9passer les 60 adh\u00e9rents! Il est le club le plus repr\u00e9sent\u00e9 en engageant 6 \u00e9quipes en championnat.<\/p>\n\n\n\n<div class=\"wp-block-image\"><figure class=\"aligncenter\"><a href=\"http:\/\/www.ljtt.fr\/images\/phocagallery\/hist-7.jpg\"><img loading=\"lazy\" decoding=\"async\" width=\"409\" height=\"480\" src=\"http:\/\/www.ljtt.fr\/wp-content\/uploads\/2019\/07\/phoca_thumb_l_hist-7.jpg\" alt=\"\" class=\"wp-image-639\" srcset=\"https:\/\/www.ljtt.fr\/wp-content\/uploads\/2019\/07\/phoca_thumb_l_hist-7.jpg 409w, https:\/\/www.ljtt.fr\/wp-content\/uploads\/2019\/07\/phoca_thumb_l_hist-7-256x300.jpg 256w\" sizes=\"auto, (max-width: 409px) 100vw, 409px\" \/><\/a><\/figure><\/div>\n\n\n\n<p><strong>C&rsquo;est<\/strong>&nbsp;donc une section en pleine forme que reprend Robert Martinez en 1989. Il doit faire avec l&rsquo;\u00e9mergence de nouvelles sections comme le karat\u00e9 et d&rsquo;autres activit\u00e9s sportives sur Bourg en Bresse. Le tournoi de P\u00e2ques prend une nouvelle dimension en investissant la salle des f\u00eates! Il se d\u00e9roule sur 2 jours et propose un succulent couscous! Les effectifs se stabilisent mais les cat\u00e9gories jeunes repr\u00e9sentent les 2\/3 du contingent. Le club pr\u00e9sente 9 \u00e9quipes dont 2 en R\u00e9gionale.<\/p>\n\n\n\n<div class=\"wp-block-image\"><figure class=\"aligncenter is-resized\"><a href=\"http:\/\/www.ljtt.fr\/images\/phocagallery\/hist-6.jpg\"><img loading=\"lazy\" decoding=\"async\" src=\"http:\/\/www.ljtt.fr\/wp-content\/uploads\/2019\/07\/phoca_thumb_l_hist-6-1.jpg\" alt=\"\" class=\"wp-image-640\" width=\"416\" height=\"415\" srcset=\"https:\/\/www.ljtt.fr\/wp-content\/uploads\/2019\/07\/phoca_thumb_l_hist-6-1.jpg 472w, https:\/\/www.ljtt.fr\/wp-content\/uploads\/2019\/07\/phoca_thumb_l_hist-6-1-150x150.jpg 150w, https:\/\/www.ljtt.fr\/wp-content\/uploads\/2019\/07\/phoca_thumb_l_hist-6-1-300x300.jpg 300w\" sizes=\"auto, (max-width: 416px) 100vw, 416px\" \/><\/a><\/figure><\/div>\n\n\n\n<p><strong>En<\/strong>&nbsp;1996, Marcel Caposiena et son bureau essaient de contenir au mieux les d\u00e9parts des licenci\u00e9s vers d&rsquo;autres sports. Par ailleurs, les b\u00e9n\u00e9fices du tournoi ne suffisent plus \u00e0 faire fonctionner correctement l&rsquo;association. Il lance une nouvelle forme de ressources ; le panneau publicitaire. Gr\u00e2ce \u00e0 sa profession d&rsquo;artisan, il va trouver les premiers partenaires priv\u00e9s du club. L&rsquo;\u00e9quipe 1 retrouve la R\u00e9gionale sous l&rsquo;impulsion d&rsquo;Alexis Martinez, le fils de l&rsquo;ancien pr\u00e9sident, qui deviendra champion de l&rsquo;Ain s\u00e9nior en \u00e9tant junior 1.<\/p>\n\n\n\n<div class=\"wp-block-image\"><figure class=\"aligncenter is-resized\"><a href=\"http:\/\/www.ljtt.fr\/images\/phocagallery\/hist-8.jpg\"><img loading=\"lazy\" decoding=\"async\" src=\"http:\/\/www.ljtt.fr\/wp-content\/uploads\/2019\/07\/phoca_thumb_l_hist-8.jpg\" alt=\"\" class=\"wp-image-641\" width=\"520\" height=\"352\" srcset=\"https:\/\/www.ljtt.fr\/wp-content\/uploads\/2019\/07\/phoca_thumb_l_hist-8.jpg 640w, https:\/\/www.ljtt.fr\/wp-content\/uploads\/2019\/07\/phoca_thumb_l_hist-8-300x203.jpg 300w, https:\/\/www.ljtt.fr\/wp-content\/uploads\/2019\/07\/phoca_thumb_l_hist-8-120x80.jpg 120w\" sizes=\"auto, (max-width: 520px) 100vw, 520px\" \/><\/a><\/figure><\/div>\n\n\n\n<p><strong>L&rsquo;an<\/strong>&nbsp;2000 d\u00e9marre sous la pr\u00e9sidence d&rsquo;Anthony Delorme. Des actions avec les scolaires sont lanc\u00e9es suite \u00e0 l&rsquo;arr\u00eat du PPP. La saison suivante voit un fait in\u00e9dit : 3 \u00e9quipes d\u00e9marrent le championnat en r\u00e9gionale dont l&rsquo;\u00e9quipe fanion en R1 o\u00f9 aucune autre formation d\u00e9partementale ne figure. Le LJTT organise le 21 d\u00e9cembre 2002 son premier concours de tarot.<\/p>\n\n\n\n<div class=\"wp-block-image\"><figure class=\"aligncenter is-resized\"><a href=\"http:\/\/www.ljtt.fr\/images\/phocagallery\/hist-1.jpg\"><img loading=\"lazy\" decoding=\"async\" src=\"http:\/\/www.ljtt.fr\/wp-content\/uploads\/2019\/07\/phoca_thumb_l_hist-1.jpg\" alt=\"\" class=\"wp-image-642\" width=\"536\" height=\"257\" srcset=\"https:\/\/www.ljtt.fr\/wp-content\/uploads\/2019\/07\/phoca_thumb_l_hist-1.jpg 640w, https:\/\/www.ljtt.fr\/wp-content\/uploads\/2019\/07\/phoca_thumb_l_hist-1-300x144.jpg 300w\" sizes=\"auto, (max-width: 536px) 100vw, 536px\" \/><\/a><\/figure><\/div>\n\n\n\n<p><strong>Christophe<\/strong>&nbsp;Dubois reprend les r\u00eanes de la section \u00e0 l&rsquo;aube de la saison 2003-2004 qui commence avec une cinquantaine de licenci\u00e9s, notamment gr\u00e2ce \u00e0 la nouvelle section \u00ab\u00a0adultes loisirs\u00a0\u00bb. Le LJTT r\u00e9alise l&rsquo;un de ses meilleurs tournois. La saison s&rsquo;ach\u00e8ve par de bons r\u00e9sultats individuels et collectifs, notamment avec 3 nouveaux titres de champion de l&rsquo;Ain.<\/p>\n\n\n\n<div class=\"wp-block-image\"><figure class=\"aligncenter is-resized\"><a href=\"http:\/\/www.ljtt.fr\/images\/stories\/adultes-competition.jpg.jpg\"><img loading=\"lazy\" decoding=\"async\" src=\"http:\/\/www.ljtt.fr\/wp-content\/uploads\/2019\/07\/adultes-comptition-rsolution-de-lcran-1024x768.jpg\" alt=\"\" class=\"wp-image-643\" width=\"475\" height=\"356\" srcset=\"https:\/\/www.ljtt.fr\/wp-content\/uploads\/2019\/07\/adultes-comptition-rsolution-de-lcran.jpg 1024w, https:\/\/www.ljtt.fr\/wp-content\/uploads\/2019\/07\/adultes-comptition-rsolution-de-lcran-300x225.jpg 300w, https:\/\/www.ljtt.fr\/wp-content\/uploads\/2019\/07\/adultes-comptition-rsolution-de-lcran-768x576.jpg 768w\" sizes=\"auto, (max-width: 475px) 100vw, 475px\" \/><\/a><\/figure><\/div>\n\n\n\n<p><strong>Au<\/strong>&nbsp;cours le saison 2004-2005, le multiple champion de l&rsquo;Ain Alexis Martinez r\u00e9ussit, pour la premi\u00e8re fois dans l&rsquo;histoire du club, l&rsquo;exploit de se classer parmi les 1000 premiers joueurs fran\u00e7ais. Il terminera la saison N\u00b0 810 national. Le club d\u00e9croche 7 podiums au championnat de l&rsquo;Ain dont 5 titres, 2 par \u00e9quipe et 3 en individuel. Nouvel exploit du LJTT au cours de la saison 2005-2006 qui r\u00e9alise le grand chelem aux championnats de l&rsquo;Ain avec 4 titres sur 4 gr\u00e2ce \u00e0 sa locomotive Alexis Martinez et \u00e0 ses 2 f\u00e9minines Isabelle Pois et Delphine Kuntzler. La saison 2007-2008 voit 14 podiums dont 5 titres d\u00e9croch\u00e9s aux championnats de l&rsquo;Ain par \u00e9quipe, individuels, s\u00e9niors et jeunes.<\/p>\n\n\n\n<p><strong>La<\/strong>&nbsp;saison 2008-2009 d\u00e9bute par un premier record battu, celui du nombre de licenci\u00e9s avec 75 inscris. Les efforts port\u00e9s sur le recrutement des jeunes est payant avec 25 enfants inscris \u00e0 l&rsquo;\u00e9cole de tennis de table. La section loisirs est en pleine forme avec 27 r\u00e9pr\u00e9sentants dont de nombreuses f\u00e9minines. 7 \u00e9quipes sont engag\u00e9es en championnat.<\/p>\n\n\n\n<p>La&nbsp;saison 2014-2015 voit un tournant important pris par le club avec l&#8217;embauche de son 1er salari\u00e9 \u00e0 plein temps Veselin Iliev d&rsquo;origine Bulgare. Ce dernier, num\u00e9rot\u00e9 fran\u00e7ais, vient apporter toute son exp\u00e9rience au club. Il assure ainsi tous les entra\u00eenements, le coaching des jeunes, le d\u00e9veloppement du ping sur notre territoire (TAP notamment) mais vient aussi renforcer notre \u00e9quipe 1. C&rsquo;est une saison exceptionnelle pour notre \u00e9quipe fanion qui passe de la R3 \u00e0 la R2 puis \u00e0 la R1 en une seule saison. Alexis, Veselin, Luc et Kevin ont assur\u00e9 en vrais champions. Dans le m\u00eame temps, la 2 acc\u00e8de \u00e0 la R4 gr\u00e2ce \u00e0 Simon, Tony, Alexis Prat et Patrick Cabaret.<br><\/p>\n\n\n\n<div class=\"wp-block-image\"><figure class=\"aligncenter is-resized\"><img loading=\"lazy\" decoding=\"async\" src=\"http:\/\/www.ljtt.fr\/wp-content\/uploads\/2019\/07\/TOP_12_2015_074-683x1024.jpg\" alt=\"\" class=\"wp-image-644\" width=\"303\" height=\"455\" srcset=\"https:\/\/www.ljtt.fr\/wp-content\/uploads\/2019\/07\/TOP_12_2015_074.jpg 683w, https:\/\/www.ljtt.fr\/wp-content\/uploads\/2019\/07\/TOP_12_2015_074-200x300.jpg 200w\" sizes=\"auto, (max-width: 303px) 100vw, 303px\" \/><\/figure><\/div>\n\n\n\n<p><strong>La <\/strong>saison 2015-2016 d\u00e9marre avec le recrutement d&rsquo;un grand espoir en la personne de Vincent Neufeld class\u00e9 20. Il vient renforcer notre \u00e9quipe 1\u00e8re aux cot\u00e9s d&rsquo;Alexis, Veselin et Luc pour acc\u00e9der en pr\u00e9-nationale voire en N3 \u00e0 la fin de la saison. Tous les espoirs sont permis.&nbsp;<\/p>\n\n\n\n<p><strong>Apr\u00e8s <\/strong>un quasi sans-faute au cours de la saison, l&rsquo;\u00e9quipe fanion acc\u00e8de tout d&rsquo;abord \u00e0 la pr\u00e9-nationale apr\u00e8s un barrage d&rsquo;anthologie gagn\u00e9 8 \u00e0 0 face un adversaire pourtant r\u00e9put\u00e9 tr\u00e8s coriace et enfin \u00e0 la nationale 3. L&rsquo;objectif est enfin atteint au bout de 2 ans.&nbsp;<\/p>\n","protected":false},"excerpt":{"rendered":"<p>Les premiers \u00e9changes du futur LJTT ont d\u00e9but\u00e9 en 1967 dans le garage d&rsquo;une famille st\u00e9phanoise. Chez les Convert, on<\/p>\n","protected":false},"author":1,"featured_media":0,"parent":0,"menu_order":0,"comment_status":"closed","ping_status":"closed","template":"","meta":{"footnotes":""},"class_list":["post-159","page","type-page","status-publish","hentry"],"_links":{"self":[{"href":"https:\/\/www.ljtt.fr\/index.php\/wp-json\/wp\/v2\/pages\/159","targetHints":{"allow":["GET"]}}],"collection":[{"href":"https:\/\/www.ljtt.fr\/index.php\/wp-json\/wp\/v2\/pages"}],"about":[{"href":"https:\/\/www.ljtt.fr\/index.php\/wp-json\/wp\/v2\/types\/page"}],"author":[{"embeddable":true,"href":"https:\/\/www.ljtt.fr\/index.php\/wp-json\/wp\/v2\/users\/1"}],"replies":[{"embeddable":true,"href":"https:\/\/www.ljtt.fr\/index.php\/wp-json\/wp\/v2\/comments?post=159"}],"version-history":[{"count":13,"href":"https:\/\/www.ljtt.fr\/index.php\/wp-json\/wp\/v2\/pages\/159\/revisions"}],"predecessor-version":[{"id":649,"href":"https:\/\/www.ljtt.fr\/index.php\/wp-json\/wp\/v2\/pages\/159\/revisions\/649"}],"wp:attachment":[{"href":"https:\/\/www.ljtt.fr\/index.php\/wp-json\/wp\/v2\/media?parent=159"}],"curies":[{"name":"wp","href":"https:\/\/api.w.org\/{rel}","templated":true}]}}